{"id":727,"date":"2024-06-19T13:45:19","date_gmt":"2024-06-19T11:45:19","guid":{"rendered":"https:\/\/staging.essaar.de\/?page_id=727"},"modified":"2024-06-19T13:45:19","modified_gmt":"2024-06-19T11:45:19","slug":"informationsblatt-zu-entwicklungsdienstleistungen","status":"publish","type":"page","link":"https:\/\/essaar.de\/en\/informationsblatt-zu-entwicklungsdienstleistungen\/","title":{"rendered":"Information sheet on development services"},"content":{"rendered":"<p><strong>Spezifikation der Meilensteine\u00a0\u00a0\u00a0<\/strong><\/p>\n\n\n\n<figure class=\"wp-block-table\"><table><tbody><tr><td><strong>Meilenstein<\/strong><\/td><td><strong>Kriterien f\u00fcr Abschluss<\/strong><\/td><\/tr><tr><td>Beschaffung von Geh\u00e4use<\/td><td>Aufgabe \/ Vorbereitung einer Bestellung zum Erhalt eines passenden Geh\u00e4uses <sup>2<\/sup><\/td><\/tr><tr><td>Mechanische Integration mit 3D-Packaging<\/td><td>Herausgabe von CAD-Dateien zu mechanischer Integration als STEP-Datei <sup>1<\/sup><\/td><\/tr><tr><td>Bauteilauswahl<\/td><td>Herausgabe einer Bill of Materials als PDF <sup>1<\/sup><\/td><\/tr><tr><td>Circuit diagram development<\/td><td>Herausgabe von Schaltpl\u00e4nen als PDF <sup>1<\/sup><\/td><\/tr><tr><td>Layoutentwicklung<\/td><td>Herausgabe des PCB-Layouts als<br>Gerber Files \/ Drill Files <sup>1<\/sup><\/td><\/tr><tr><td>Pr\u00fcfung von Schaltplan &amp; Layout<\/td><td>Freigabe zur Fertigung und \/ oder Herausgabe der finalen Produktionsdaten<\/td><\/tr><tr><td>Projektmanagement &amp; Projektbegleitung<\/td><td>Kommunikation des Projektstatus \/ Abschluss der anderen im Angebot genannten T\u00e4tigkeiten<\/td><\/tr><tr><td>Beschaffung der PCBs<\/td><td>Aufgabe \/ Vorbereitung einer Bestellung zum Erhalt eines oder mehrerer PCBs <sup>2<\/sup><\/td><\/tr><tr><td>Beschaffung der Bauteile (Prototyp)<\/td><td>Aufgabe \/ Vorbereitung einer Bestellung zum Erhalt der ben\u00f6tigten Komponenten <sup>2<\/sup><\/td><\/tr><tr><td>Beschaffung der Bauteile (Serie)<\/td><td>Aufgabe \/ Vorbereitung einer Bestellung f\u00fcr den Best\u00fcckungsdienstleister <sup>2<\/sup><\/td><\/tr><tr><td>Best\u00fcckung der PCBs (Prototyp)<\/td><td>Herausgabe \/ Bereitstellung von best\u00fcckten PCBs<\/td><\/tr><tr><td>Best\u00fcckung der PCBs (Serie)<\/td><td>Management f\u00fcr externe Best\u00fcckung sowie Lieferung der PCBs<\/td><\/tr><tr><td>Funktionstest der PCBs<\/td><td>Test der Grundfunktionalit\u00e4t einzelner<br>Baugruppen \/ Schaltungsteile<\/td><\/tr><\/tbody><\/table><\/figure>\n\n\n\n<p><em>1)&nbsp; Weitere Formate auf Anfrage<br>2) Herausgabe einer Bestellanleitung \u2013 falls Bestellung vom Kunden \u00fcbernommen wird&nbsp;&nbsp;&nbsp;&nbsp;&nbsp;&nbsp; &nbsp;&nbsp;&nbsp;&nbsp;&nbsp;&nbsp;&nbsp;&nbsp; &nbsp;&nbsp;&nbsp;&nbsp;&nbsp;&nbsp;<\/em><\/p>\n\n\n\n<p><strong>\u00a71 Ausnahmeregelungen<\/strong><\/p>\n\n\n\n<p>Alle hier aufgef\u00fchrten Einschr\u00e4nkungen, Ausschl\u00fcsse und Bestimmungen k\u00f6nnen durch schriftliche Vereinbarungen zwischen dem Kunden und der es:saar GmbH angepasst werden. Solche schriftlichen Vereinbarungen m\u00fcssen von autorisierten Vertretern beider Parteien unterzeichnet werden, um rechtsverbindlich zu sein. Abweichungen von den hier festgelegten Bedingungen sind nur wirksam, wenn sie ausdr\u00fccklich und schriftlich vereinbart wurden und ausdr\u00fccklich auf die betreffende Klausel oder Bestimmung Bezug nehmen.<strong><\/strong><\/p>\n\n\n\n<p><strong>\u00a72 Kosten\u00fcbernahme<\/strong><\/p>\n\n\n\n<p>Sollte im Zuge einer Dienstleistung eine Bestellung erfolgen oder ein externer Dienstleister in Anspruch genommen werden, tr\u00e4gt die es:saar GmbH keine der damit verbundenen Kosten. Jegliche Kosten, die in diesem Zusammenhang entstehen, sind vom Auftraggeber zu tragen. Dies kann entweder durch direkte Zahlung oder durch \u00dcbernahme, in Form einer weiterberechneten Rechnung, der entstandenen Kosten erfolgen.<\/p>\n\n\n\n<p><strong>\u00a73 Projektdauer<\/strong><\/p>\n\n\n\n<p>Im Angebot ist der gesch\u00e4tzte Arbeitsaufwand in Personenstunden f\u00fcr jeden Meilenstein aufgef\u00fchrt. Es wird angestrebt, die Gesamtleistung des Angebots innerhalb eines Zeitraums, der dem Vierfachen der angegebenen Personenstunden entspricht, basierend auf einer 40-Stunden-Woche, zu erbringen. Diese Zeitangabe ist als Richtwert zu verstehen und kann variieren, insbesondere da Zeiten f\u00fcr externe Dienstleistungen und Lieferungen nicht inbegriffen sind und die Fertigstellung entsprechend beeinflussen k\u00f6nnen. Bei Angeboten, die aufeinander aufbauen und gleichzeitig angenommen werden, kann sich die Fertigstellung entsprechend der Abfolge und des Umfangs der vorangehenden Angebote verschieben.<\/p>\n\n\n\n<p><strong>\u00a74 Haftungsausschluss<\/strong><\/p>\n\n\n\n<p>Haftungsanspr\u00fcche gegen die es:saar GmbH, welche sich auf Sch\u00e4den materieller oder ideeller Art beziehen, die durch die Nutzung oder Nichtnutzung der dargebotenen Informationen bzw. durch die Nutzung fehlerhafter und unvollst\u00e4ndiger Informationen verursacht wurden, sind grunds\u00e4tzlich ausgeschlossen, sofern seitens der es:saar GmbH kein nachweislich vors\u00e4tzliches oder grob fahrl\u00e4ssiges Verschulden besteht.<\/p>\n\n\n\n<p><strong>\u00a75 Gew\u00e4hrleistungsausschluss<\/strong><\/p>\n\n\n\n<p>(1) Die es:saar GmbH, nachfolgend als &#8222;Auftragnehmer&#8220; bezeichnet, \u00fcbernimmt keine Gew\u00e4hrleistung f\u00fcr die im Rahmen dieses Auftrags entwickelten Produkte oder Prototypen. Jegliche Haftung f\u00fcr direkte oder indirekte Sch\u00e4den, die aus der Nutzung der entwickelten Produkte oder Prototypen entstehen, wird ausgeschlossen, sofern nicht Vorsatz oder grobe Fahrl\u00e4ssigkeit seitens des Auftragnehmers vorliegen.<\/p>\n\n\n\n<p>(2) Der Kunde erkennt an, dass die Entwicklung von Produkten oder Prototypen ein komplexer und iterativer Prozess ist. Die Qualit\u00e4t und Funktionalit\u00e4t der Entwicklungsergebnisse k\u00f6nnen durch verschiedene, teilweise unvorhersehbare Faktoren beeinflusst werden, die au\u00dferhalb des Einflussbereichs des Auftragnehmers liegen. Der Auftragnehmer ist bem\u00fcht, die vereinbarten Spezifikationen und Qualit\u00e4tsstandards zu erf\u00fcllen, kann jedoch keine Garantie f\u00fcr die vollst\u00e4ndige Funktionsf\u00e4higkeit jedes Entwicklungsstandes \u00fcbernehmen.<\/p>\n\n\n\n<p>(3) Der Auftragnehmer schlie\u00dft hiermit ausdr\u00fccklich jegliche Gew\u00e4hrleistung f\u00fcr die entwickelten Produkte oder Prototypen aus, soweit gesetzlich zul\u00e4ssig. Dies schlie\u00dft ausdr\u00fccklich die Gew\u00e4hrleistung f\u00fcr Sch\u00e4den oder Funktionsfehler ein, die auf unsachgem\u00e4\u00dfe Handhabung, Fehlbedienung durch den Kunden oder vorzeitigen Verschlei\u00df bzw. Fr\u00fchausf\u00e4lle zur\u00fcckzuf\u00fchren sind. Die erbrachte Dienstleistung beschr\u00e4nkt sich auf die Produktentwicklung im Auftrag des Kunden und jegliche Verantwortung f\u00fcr Gew\u00e4hrleistung obliegt dem Kunden als Eigent\u00fcmer der entwickelten Produkte. Insbesondere \u00fcbernimmt der Auftragnehmer keine Gew\u00e4hrleistung f\u00fcr die Marktf\u00e4higkeit, Eignung f\u00fcr einen bestimmten Zweck oder die Freiheit von Rechtsm\u00e4ngeln der entwickelten Produkte au\u00dferhalb der vereinbarten Anforderungen.<\/p>\n\n\n\n<p>(4) Im Falle von Sch\u00e4den oder Funktionsfehlern, die auf unsachgem\u00e4\u00dfe Handhabung, Fehlbedienung durch den Kunden oder vorzeitigen Verschlei\u00df bzw. Fr\u00fchausf\u00e4lle zur\u00fcckzuf\u00fchren sind, besteht die M\u00f6glichkeit, dass der Auftragnehmer, nach eigenem Ermessen, Reparaturen zu einem zuvor vereinbarten Stundensatz durchf\u00fchrt. In einem solchen Fall wird dem Kunden eine detaillierte Kostenaufstellung vorgelegt, die den Stundensatz f\u00fcr die Reparaturarbeiten, den gesch\u00e4tzten Zeitaufwand, sowie die Kosten f\u00fcr Ersatzteile und etwaige externe Dienstleistungen umfasst. Der Kunde erkl\u00e4rt sich damit einverstanden, die Kosten gem\u00e4\u00df der genannten Kostenaufstellung zu tragen, bevor die Reparaturarbeiten beginnen. Die Reparaturarbeiten werden erst nach schriftlicher Zustimmung des Kunden durchgef\u00fchrt.<\/p>\n\n\n\n<p>(5) Ausgenommen von diesem Gew\u00e4hrleistungsausschluss sind Funktionsfehler, die nachweislich auf fehlerhaftes Design, welches von den vereinbarten Spezifikationen abweicht, zur\u00fcckzuf\u00fchren sind. In einem solchen Fall wird der Auftragnehmer im Rahmen seiner Kulanz die notwendigen Schritte unternehmen, um die Funktionsf\u00e4higkeit zu gew\u00e4hrleisten.<\/p>\n\n\n\n<p>(6) Der Kunde erkennt an, dass im Falle von Funktionsfehlern durch fehlerhaftes Design, die durch Kulanz behoben werden, die entstehenden Kosten f\u00fcr neue Bauteile, Leiterplatten, externen Dienstleistern etc. vom Kunden getragen werden. Der Auftragnehmer wird dem Kunden vorab eine Kostensch\u00e4tzung vorlegen und die Arbeiten erst nach Zustimmung des Kunden durchf\u00fchren.<\/p>\n\n\n\n<p>(7) Jegliche weitergehende Haftung des Auftragnehmers f\u00fcr Sch\u00e4den, die durch die entwickelten Produkte verursacht werden, einschlie\u00dflich entgangenem Gewinn, Produktionsausfall, Datenverlust oder sonstige mittelbare oder unmittelbare Sch\u00e4den, ist ausgeschlossen, es sei denn, sie beruhen auf Vorsatz oder grober Fahrl\u00e4ssigkeit des Auftragnehmers.<\/p>\n\n\n\n<p>(8) Diese Gew\u00e4hrleistungsausschlussklausel bleibt auch im Falle einer unwirksamen Einzelregelung in ihren \u00fcbrigen Teilen wirksam.<\/p>","protected":false},"excerpt":{"rendered":"<p>Spezifikation der Meilensteine\u00a0\u00a0\u00a0 Meilenstein Kriterien f\u00fcr Abschluss Beschaffung von Geh\u00e4use Aufgabe \/ Vorbereitung einer Bestellung zum Erhalt eines passenden Geh\u00e4uses 2 Mechanische Integration mit 3D-Packaging Herausgabe von CAD-Dateien zu mechanischer Integration als STEP-Datei 1 Bauteilauswahl Herausgabe einer Bill of Materials als PDF 1 Schaltplanentwicklung Herausgabe von Schaltpl\u00e4nen als PDF 1 Layoutentwicklung Herausgabe des PCB-Layouts alsGerber [&hellip;]<\/p>\n","protected":false},"author":2,"featured_media":0,"parent":0,"menu_order":0,"comment_status":"closed","ping_status":"closed","template":"","meta":{"footnotes":""},"folder":[12],"class_list":["post-727","page","type-page","status-publish","hentry"],"_links":{"self":[{"href":"https:\/\/essaar.de\/en\/wp-json\/wp\/v2\/pages\/727","targetHints":{"allow":["GET"]}}],"collection":[{"href":"https:\/\/essaar.de\/en\/wp-json\/wp\/v2\/pages"}],"about":[{"href":"https:\/\/essaar.de\/en\/wp-json\/wp\/v2\/types\/page"}],"author":[{"embeddable":true,"href":"https:\/\/essaar.de\/en\/wp-json\/wp\/v2\/users\/2"}],"replies":[{"embeddable":true,"href":"https:\/\/essaar.de\/en\/wp-json\/wp\/v2\/comments?post=727"}],"version-history":[{"count":0,"href":"https:\/\/essaar.de\/en\/wp-json\/wp\/v2\/pages\/727\/revisions"}],"wp:attachment":[{"href":"https:\/\/essaar.de\/en\/wp-json\/wp\/v2\/media?parent=727"}],"wp:term":[{"taxonomy":"folder","embeddable":true,"href":"https:\/\/essaar.de\/en\/wp-json\/wp\/v2\/folder?post=727"}],"curies":[{"name":"wp","href":"https:\/\/api.w.org\/{rel}","templated":true}]}}