{"id":690,"date":"2024-06-17T14:35:33","date_gmt":"2024-06-17T12:35:33","guid":{"rendered":"https:\/\/staging.essaar.de\/?page_id=690"},"modified":"2025-01-16T09:30:01","modified_gmt":"2025-01-16T08:30:01","slug":"impressum","status":"publish","type":"page","link":"https:\/\/essaar.de\/en\/impressum\/","title":{"rendered":"Imprint"},"content":{"rendered":"<p><strong>Gesetzliche Anbieterkennung:<\/strong><\/p>\n\n\n\n<p><strong>Seitenbetreiber i.S.d. \u00a7 5 TMG<\/strong><\/p>\n\n\n\n<p>es:saar GmbH<br>Campus A1.1 <br>66123&nbsp;Saarbr\u00fccken&nbsp;Deutschland<br>+49 176 814 561 07<br>contact@essaar.de<\/p>\n\n\n\n<p><strong>Handelsregister<\/strong><\/p>\n\n\n\n<p>Registergericht: Amtsgericht Saarbr\u00fccken<br>Registernummer: HRB 108623<\/p>\n\n\n\n<p><strong>Gesch\u00e4ftsf\u00fchrung<\/strong><\/p>\n\n\n\n<p>Joshua Summa<\/p>\n\n\n\n<p><strong>Umsatzsteuer-Identifikationsnummer gem\u00e4\u00df \u00a7 27 a Umsatzsteuergesetz<\/strong><\/p>\n\n\n\n<p>DE353450306<\/p>\n\n\n\n<p><strong>Inhaltlich Verantwortlicher gem\u00e4\u00df \u00a7 18 Abs. 2 MStV:<\/strong><br>Joshua Summa (Anschrift wie oben)<\/p>\n\n\n\n<p><strong>Alternative Streitbeilegung:<\/strong><br>Die Europ\u00e4ische Kommission stellt eine Plattform f\u00fcr die au\u00dfergerichtliche Online-Streitbeilegung (OS-Plattform) bereit, aufrufbar unter&nbsp;<a href=\"https:\/\/ec.europa.eu\/consumers\/odr\" target=\"_blank\" rel=\"noreferrer noopener\">https:\/\/ec.europa.eu\/odr<\/a>.<\/p>","protected":false},"excerpt":{"rendered":"<p>Gesetzliche Anbieterkennung: Seitenbetreiber i.S.d. \u00a7 5 TMG es:saar GmbHCampus A1.1 66123&nbsp;Saarbr\u00fccken&nbsp;Deutschland+49 176 814 561 07kontakt@essaar.de Handelsregister Registergericht: Amtsgericht Saarbr\u00fcckenRegisternummer: HRB 108623 Gesch\u00e4ftsf\u00fchrung Joshua Summa Umsatzsteuer-Identifikationsnummer gem\u00e4\u00df \u00a7 27 a Umsatzsteuergesetz DE353450306 Inhaltlich Verantwortlicher gem\u00e4\u00df \u00a7 18 Abs. 2 MStV:Joshua Summa (Anschrift wie oben) Alternative Streitbeilegung:Die Europ\u00e4ische Kommission stellt eine Plattform f\u00fcr die au\u00dfergerichtliche Online-Streitbeilegung (OS-Plattform) [&hellip;]<\/p>\n","protected":false},"author":2,"featured_media":0,"parent":0,"menu_order":0,"comment_status":"closed","ping_status":"closed","template":"","meta":{"footnotes":""},"folder":[12],"class_list":["post-690","page","type-page","status-publish","hentry"],"_links":{"self":[{"href":"https:\/\/essaar.de\/en\/wp-json\/wp\/v2\/pages\/690","targetHints":{"allow":["GET"]}}],"collection":[{"href":"https:\/\/essaar.de\/en\/wp-json\/wp\/v2\/pages"}],"about":[{"href":"https:\/\/essaar.de\/en\/wp-json\/wp\/v2\/types\/page"}],"author":[{"embeddable":true,"href":"https:\/\/essaar.de\/en\/wp-json\/wp\/v2\/users\/2"}],"replies":[{"embeddable":true,"href":"https:\/\/essaar.de\/en\/wp-json\/wp\/v2\/comments?post=690"}],"version-history":[{"count":0,"href":"https:\/\/essaar.de\/en\/wp-json\/wp\/v2\/pages\/690\/revisions"}],"wp:attachment":[{"href":"https:\/\/essaar.de\/en\/wp-json\/wp\/v2\/media?parent=690"}],"wp:term":[{"taxonomy":"folder","embeddable":true,"href":"https:\/\/essaar.de\/en\/wp-json\/wp\/v2\/folder?post=690"}],"curies":[{"name":"wp","href":"https:\/\/api.w.org\/{rel}","templated":true}]}}