{"id":2467,"date":"2026-01-19T14:20:56","date_gmt":"2026-01-19T13:20:56","guid":{"rendered":"https:\/\/essaar.de\/?page_id=2467"},"modified":"2026-01-22T14:19:03","modified_gmt":"2026-01-22T13:19:03","slug":"consulting","status":"publish","type":"page","link":"https:\/\/essaar.de\/en\/consulting\/","title":{"rendered":"Beratung &#038; Begleitung\u200b"},"content":{"rendered":"<div data-elementor-type=\"wp-page\" data-elementor-id=\"2467\" class=\"elementor elementor-2467\" data-elementor-post-type=\"page\">\n\t\t\t\t<div class=\"elementor-element elementor-element-e8ece5c e-flex e-con-boxed e-con e-parent\" data-id=\"e8ece5c\" data-element_type=\"container\" data-e-type=\"container\" data-settings=\"{&quot;background_background&quot;:&quot;classic&quot;}\">\n\t\t\t\t\t<div class=\"e-con-inner\">\n\t\t<div class=\"elementor-element elementor-element-11dcfd4 e-con-full e-flex e-con e-child\" data-id=\"11dcfd4\" data-element_type=\"container\" data-e-type=\"container\">\n\t\t\t\t<div class=\"elementor-element elementor-element-745f0f1 elementor-widget elementor-widget-heading\" data-id=\"745f0f1\" data-element_type=\"widget\" data-e-type=\"widget\" data-widget_type=\"heading.default\">\n\t\t\t\t<div class=\"elementor-widget-container\">\n\t\t\t\t\t<h1 class=\"elementor-heading-title elementor-size-default\">Consulting &amp; Support<\/h1>\t\t\t\t<\/div>\n\t\t\t\t<\/div>\n\t\t\t\t<div class=\"elementor-element elementor-element-233f148 elementor-widget elementor-widget-heading\" data-id=\"233f148\" data-element_type=\"widget\" data-e-type=\"widget\" data-widget_type=\"heading.default\">\n\t\t\t\t<div class=\"elementor-widget-container\">\n\t\t\t\t\t<h1 class=\"elementor-heading-title elementor-size-default\">For the development of embedded systems for research, industrial, and consumer applications<\/h1>\t\t\t\t<\/div>\n\t\t\t\t<\/div>\n\t\t\t\t<\/div>\n\t\t\t\t<div class=\"elementor-element elementor-element-641ec56 elementor-align-justify elementor-widget elementor-widget-button\" data-id=\"641ec56\" data-element_type=\"widget\" data-e-type=\"widget\" data-widget_type=\"button.default\">\n\t\t\t\t<div class=\"elementor-widget-container\">\n\t\t\t\t\t\t\t\t\t<div class=\"elementor-button-wrapper\">\n\t\t\t\t\t<a class=\"elementor-button elementor-button-link elementor-size-sm\" href=\"\/en\/kontakt\/\">\n\t\t\t\t\t\t<span class=\"elementor-button-content-wrapper\">\n\t\t\t\t\t\t\t\t\t<span class=\"elementor-button-text\">Get in touch now<\/span>\n\t\t\t\t\t<\/span>\n\t\t\t\t\t<\/a>\n\t\t\t\t<\/div>\n\t\t\t\t\t\t\t\t<\/div>\n\t\t\t\t<\/div>\n\t\t\t\t\t<\/div>\n\t\t\t\t<\/div>\n\t\t<div class=\"elementor-element elementor-element-8a3dafd e-flex e-con-boxed e-con e-parent\" data-id=\"8a3dafd\" data-element_type=\"container\" data-e-type=\"container\" data-settings=\"{&quot;background_background&quot;:&quot;classic&quot;}\">\n\t\t\t\t\t<div class=\"e-con-inner\">\n\t\t<div class=\"elementor-element elementor-element-573b45e e-con-full e-flex e-con e-child\" data-id=\"573b45e\" data-element_type=\"container\" data-e-type=\"container\" data-settings=\"{&quot;background_background&quot;:&quot;classic&quot;}\">\n\t\t\t\t<div class=\"elementor-element elementor-element-b9fb22c elementor-widget-mobile__width-inherit elementor-widget elementor-widget-heading\" data-id=\"b9fb22c\" data-element_type=\"widget\" data-e-type=\"widget\" data-widget_type=\"heading.default\">\n\t\t\t\t<div class=\"elementor-widget-container\">\n\t\t\t\t\t<h2 class=\"elementor-heading-title elementor-size-default\">Beratungsleistungen<\/h2>\t\t\t\t<\/div>\n\t\t\t\t<\/div>\n\t\t\t\t<div class=\"elementor-element elementor-element-e5ee86c elementor-widget-mobile__width-inherit elementor-widget elementor-widget-heading\" data-id=\"e5ee86c\" data-element_type=\"widget\" data-e-type=\"widget\" data-widget_type=\"heading.default\">\n\t\t\t\t<div class=\"elementor-widget-container\">\n\t\t\t\t\t<h3 class=\"elementor-heading-title elementor-size-default\">Embedded systems development<\/h3>\t\t\t\t<\/div>\n\t\t\t\t<\/div>\n\t\t\t\t<div class=\"elementor-element elementor-element-5bd8516 elementor-widget elementor-widget-text-editor\" data-id=\"5bd8516\" data-element_type=\"widget\" data-e-type=\"widget\" data-widget_type=\"text-editor.default\">\n\t\t\t\t<div class=\"elementor-widget-container\">\n\t\t\t\t\t\t\t\t\t<p>A lack of clarity in requirements, processes, and interfaces often leads to friction losses and late corrections in product development.\u00a0<span style=\"font-size: 1rem;\">Our consulting services address these issues at an early stage and lay the foundation for sound decisions throughout the entire product life cycle.<\/span><\/p><div><span style=\"font-size: 1rem;\">\u00a0<\/span><\/div><div><p><span style=\"font-size: 1rem;\">Our main areas of consulting:<\/span><\/p><ul role=\"list\"><li>Embedded systems as enablers for smart products, services, and processes<\/li><li><span style=\"background-color: transparent;\">Requirements development\/management<\/span><\/li><li><span style=\"background-color: transparent;\"><a href=\"http:\/\/services\">Development process<\/a><\/span><\/li><li>Validation and qualification<\/li><li>Manufacturer, EMS, and partner selection<\/li><li>Go-to-Market<\/li><li>Product-Lifecycle<\/li><\/ul><\/div>\t\t\t\t\t\t\t\t<\/div>\n\t\t\t\t<\/div>\n\t\t\t\t<\/div>\n\t\t<div class=\"elementor-element elementor-element-e725d60 e-con-full e-flex e-con e-child\" data-id=\"e725d60\" data-element_type=\"container\" data-e-type=\"container\" data-settings=\"{&quot;background_background&quot;:&quot;gradient&quot;}\">\n\t\t\t\t<div class=\"elementor-element elementor-element-624c496 elementor-widget elementor-widget-image\" data-id=\"624c496\" data-element_type=\"widget\" data-e-type=\"widget\" data-widget_type=\"image.default\">\n\t\t\t\t<div class=\"elementor-widget-container\">\n\t\t\t\t\t\t\t\t\t\t\t\t\t\t\t\t<a href=\"https:\/\/essaar.de\/wp-content\/uploads\/2025\/12\/Go-To-Market-2026-1.webp\" data-elementor-open-lightbox=\"yes\" data-elementor-lightbox-title=\"Go To Market 2026 1\" data-e-action-hash=\"#elementor-action%3Aaction%3Dlightbox%26settings%3DeyJpZCI6MjQ2OCwidXJsIjoiaHR0cHM6XC9cL2Vzc2Fhci5kZVwvd3AtY29udGVudFwvdXBsb2Fkc1wvMjAyNVwvMTJcL0dvLVRvLU1hcmtldC0yMDI2LTEud2VicCJ9\">\n\t\t\t\t\t\t\t<img fetchpriority=\"high\" decoding=\"async\" width=\"675\" height=\"388\" src=\"https:\/\/essaar.de\/wp-content\/uploads\/2025\/12\/Go-To-Market-2026-1.webp\" class=\"attachment-large size-large wp-image-2468\" alt=\"Beratung visualisiert: Von der Idee zum Markt mit einem Elekronik Produkt\" srcset=\"https:\/\/essaar.de\/wp-content\/uploads\/2025\/12\/Go-To-Market-2026-1.webp 675w, https:\/\/essaar.de\/wp-content\/uploads\/2025\/12\/Go-To-Market-2026-1-300x172.webp 300w, https:\/\/essaar.de\/wp-content\/uploads\/2025\/12\/Go-To-Market-2026-1-18x10.webp 18w\" sizes=\"(max-width: 675px) 100vw, 675px\" \/>\t\t\t\t\t\t\t\t<\/a>\n\t\t\t\t\t\t\t\t\t\t\t\t\t\t\t<\/div>\n\t\t\t\t<\/div>\n\t\t\t\t<\/div>\n\t\t\t\t\t<\/div>\n\t\t\t\t<\/div>\n\t\t<div class=\"elementor-element elementor-element-008d4e1 e-flex e-con-boxed e-con e-parent\" data-id=\"008d4e1\" data-element_type=\"container\" data-e-type=\"container\" data-settings=\"{&quot;background_background&quot;:&quot;classic&quot;}\">\n\t\t\t\t\t<div class=\"e-con-inner\">\n\t\t<div class=\"elementor-element elementor-element-cc3fe22 e-con-full e-flex e-con e-child\" data-id=\"cc3fe22\" data-element_type=\"container\" data-e-type=\"container\" data-settings=\"{&quot;background_background&quot;:&quot;classic&quot;}\">\n\t\t\t\t<div class=\"elementor-element elementor-element-5dec032 elementor-widget-mobile__width-inherit elementor-widget elementor-widget-heading\" data-id=\"5dec032\" data-element_type=\"widget\" data-e-type=\"widget\" data-widget_type=\"heading.default\">\n\t\t\t\t<div class=\"elementor-widget-container\">\n\t\t\t\t\t<h2 class=\"elementor-heading-title elementor-size-default\">Project Support<\/h2>\t\t\t\t<\/div>\n\t\t\t\t<\/div>\n\t\t\t\t<div class=\"elementor-element elementor-element-c39c3aa elementor-widget elementor-widget-text-editor\" data-id=\"c39c3aa\" data-element_type=\"widget\" data-e-type=\"widget\" data-widget_type=\"text-editor.default\">\n\t\t\t\t<div class=\"elementor-widget-container\">\n\t\t\t\t\t\t\t\t\t<p>In complex development projects, risks often arise from unclear interfaces, delayed decisions, and a lack of transparency.<\/p><p>Our project support ensures that technical decisions, schedules, and project goals remain continuously aligned. <a href=\"http:\/\/services\" data-wplink-url-error=\"true\">Zu unseren Entwicklungsleistungen.<\/a><\/p>\t\t\t\t\t\t\t\t<\/div>\n\t\t\t\t<\/div>\n\t\t\t\t<\/div>\n\t\t<div class=\"elementor-element elementor-element-bb6a884 e-con-full e-flex e-con e-child\" data-id=\"bb6a884\" data-element_type=\"container\" data-e-type=\"container\" data-settings=\"{&quot;background_background&quot;:&quot;gradient&quot;}\">\n\t\t\t\t<div class=\"elementor-element elementor-element-0cf95ce elementor-widget elementor-widget-image\" data-id=\"0cf95ce\" data-element_type=\"widget\" data-e-type=\"widget\" data-widget_type=\"image.default\">\n\t\t\t\t<div class=\"elementor-widget-container\">\n\t\t\t\t\t\t\t\t\t\t\t\t\t\t\t\t<a href=\"https:\/\/essaar.de\/wp-content\/uploads\/2025\/12\/Proepekt-essaar-2026-1.webp\" data-elementor-open-lightbox=\"yes\" data-elementor-lightbox-title=\"Proepekt essaar 2026 (1)\" data-e-action-hash=\"#elementor-action%3Aaction%3Dlightbox%26settings%3DeyJpZCI6MjM3MywidXJsIjoiaHR0cHM6XC9cL2Vzc2Fhci5kZVwvd3AtY29udGVudFwvdXBsb2Fkc1wvMjAyNVwvMTJcL1Byb2VwZWt0LWVzc2Fhci0yMDI2LTEud2VicCJ9\">\n\t\t\t\t\t\t\t<img decoding=\"async\" width=\"800\" height=\"149\" src=\"https:\/\/essaar.de\/wp-content\/uploads\/2025\/12\/Proepekt-essaar-2026-1-1024x191.webp\" class=\"attachment-large size-large wp-image-2373\" alt=\"Der Entwicklungszyklus Der Kontext eingebetteter Systeme visualisiert\" srcset=\"https:\/\/essaar.de\/wp-content\/uploads\/2025\/12\/Proepekt-essaar-2026-1-1024x191.webp 1024w, https:\/\/essaar.de\/wp-content\/uploads\/2025\/12\/Proepekt-essaar-2026-1-300x56.webp 300w, https:\/\/essaar.de\/wp-content\/uploads\/2025\/12\/Proepekt-essaar-2026-1-768x143.webp 768w, https:\/\/essaar.de\/wp-content\/uploads\/2025\/12\/Proepekt-essaar-2026-1-1536x286.webp 1536w, https:\/\/essaar.de\/wp-content\/uploads\/2025\/12\/Proepekt-essaar-2026-1-18x3.webp 18w, https:\/\/essaar.de\/wp-content\/uploads\/2025\/12\/Proepekt-essaar-2026-1.webp 1787w\" sizes=\"(max-width: 800px) 100vw, 800px\" \/>\t\t\t\t\t\t\t\t<\/a>\n\t\t\t\t\t\t\t\t\t\t\t\t\t\t\t<\/div>\n\t\t\t\t<\/div>\n\t\t\t\t<\/div>\n\t\t\t\t\t<\/div>\n\t\t\t\t<\/div>\n\t\t<div class=\"elementor-element elementor-element-b1e7db4 e-flex e-con-boxed e-con e-parent\" data-id=\"b1e7db4\" data-element_type=\"container\" data-e-type=\"container\" data-settings=\"{&quot;background_background&quot;:&quot;classic&quot;}\">\n\t\t\t\t\t<div class=\"e-con-inner\">\n\t\t<div class=\"elementor-element elementor-element-e6c846a e-con-full e-flex e-con e-child\" data-id=\"e6c846a\" data-element_type=\"container\" data-e-type=\"container\" data-settings=\"{&quot;background_background&quot;:&quot;classic&quot;}\">\n\t\t\t\t<div class=\"elementor-element elementor-element-2834217 elementor-widget-mobile__width-inherit elementor-widget elementor-widget-heading\" data-id=\"2834217\" data-element_type=\"widget\" data-e-type=\"widget\" data-widget_type=\"heading.default\">\n\t\t\t\t<div class=\"elementor-widget-container\">\n\t\t\t\t\t<h2 class=\"elementor-heading-title elementor-size-default\">Drive technology consulting<\/h2>\t\t\t\t<\/div>\n\t\t\t\t<\/div>\n\t\t\t\t<div class=\"elementor-element elementor-element-ef261a4 elementor-widget elementor-widget-text-editor\" data-id=\"ef261a4\" data-element_type=\"widget\" data-e-type=\"widget\" data-widget_type=\"text-editor.default\">\n\t\t\t\t<div class=\"elementor-widget-container\">\n\t\t\t\t\t\t\t\t\t<p data-start=\"1080\" data-end=\"1367\">Drive technology requires early decisions at the system level, especially in the case of <b>sensorless control concepts.<\/b>Our consulting services combine in-depth scientific expertise with practical implementation experience across the entire development process.<\/p><p data-start=\"1080\" data-end=\"1367\">\u00a0<\/p><p data-start=\"1080\" data-end=\"1367\">Vertical integration of control, electronics, software, and validation accelerates the path to efficient drive systems.\u00a0<span style=\"font-size: 1rem;\">Our PhD-level expertise in drive technology ensures that sensorless methods are robustly implemented on real hardware.<\/span><\/p>\t\t\t\t\t\t\t\t<\/div>\n\t\t\t\t<\/div>\n\t\t\t\t<\/div>\n\t\t<div class=\"elementor-element elementor-element-4e541b1 e-con-full e-flex e-con e-child\" data-id=\"4e541b1\" data-element_type=\"container\" data-e-type=\"container\" data-settings=\"{&quot;background_background&quot;:&quot;gradient&quot;}\">\n\t\t\t\t<div class=\"elementor-element elementor-element-458b93a elementor-widget elementor-widget-image\" data-id=\"458b93a\" data-element_type=\"widget\" data-e-type=\"widget\" data-widget_type=\"image.default\">\n\t\t\t\t<div class=\"elementor-widget-container\">\n\t\t\t\t\t\t\t\t\t\t\t\t\t\t\t\t<a href=\"https:\/\/essaar.de\/wp-content\/uploads\/2025\/12\/Design-ohne-Titel-2.webp\" data-elementor-open-lightbox=\"yes\" data-elementor-lightbox-title=\"Motor Modell\" data-e-action-hash=\"#elementor-action%3Aaction%3Dlightbox%26settings%3DeyJpZCI6MjMzNiwidXJsIjoiaHR0cHM6XC9cL2Vzc2Fhci5kZVwvd3AtY29udGVudFwvdXBsb2Fkc1wvMjAyNVwvMTJcL0Rlc2lnbi1vaG5lLVRpdGVsLTIud2VicCJ9\">\n\t\t\t\t\t\t\t<img decoding=\"async\" width=\"800\" height=\"577\" src=\"https:\/\/essaar.de\/wp-content\/uploads\/2025\/12\/Design-ohne-Titel-2-1024x739.webp\" class=\"attachment-large size-large wp-image-2336\" alt=\"\" srcset=\"https:\/\/essaar.de\/wp-content\/uploads\/2025\/12\/Design-ohne-Titel-2-1024x739.webp 1024w, https:\/\/essaar.de\/wp-content\/uploads\/2025\/12\/Design-ohne-Titel-2-300x216.webp 300w, https:\/\/essaar.de\/wp-content\/uploads\/2025\/12\/Design-ohne-Titel-2-768x554.webp 768w, https:\/\/essaar.de\/wp-content\/uploads\/2025\/12\/Design-ohne-Titel-2-18x12.webp 18w, https:\/\/essaar.de\/wp-content\/uploads\/2025\/12\/Design-ohne-Titel-2.webp 1198w\" sizes=\"(max-width: 800px) 100vw, 800px\" \/>\t\t\t\t\t\t\t\t<\/a>\n\t\t\t\t\t\t\t\t\t\t\t\t\t\t\t<\/div>\n\t\t\t\t<\/div>\n\t\t\t\t<\/div>\n\t\t\t\t\t<\/div>\n\t\t\t\t<\/div>\n\t\t<div class=\"elementor-element elementor-element-871e0c7 e-flex e-con-boxed e-con e-parent\" data-id=\"871e0c7\" data-element_type=\"container\" data-e-type=\"container\" data-settings=\"{&quot;background_background&quot;:&quot;gradient&quot;}\">\n\t\t\t\t\t<div class=\"e-con-inner\">\n\t\t<div class=\"elementor-element elementor-element-9089fca e-con-full e-flex e-con e-child\" data-id=\"9089fca\" data-element_type=\"container\" data-e-type=\"container\" data-settings=\"{&quot;background_background&quot;:&quot;classic&quot;}\">\n\t\t\t\t<div class=\"elementor-element elementor-element-d0bab98 elementor-widget-mobile__width-inherit elementor-widget elementor-widget-heading\" data-id=\"d0bab98\" data-element_type=\"widget\" data-e-type=\"widget\" data-widget_type=\"heading.default\">\n\t\t\t\t<div class=\"elementor-widget-container\">\n\t\t\t\t\t<h2 class=\"elementor-heading-title elementor-size-default\">What happens next?<\/h2>\t\t\t\t<\/div>\n\t\t\t\t<\/div>\n\t\t\t\t<div class=\"elementor-element elementor-element-8d3e5b9 elementor-widget elementor-widget-text-editor\" data-id=\"8d3e5b9\" data-element_type=\"widget\" data-e-type=\"widget\" data-widget_type=\"text-editor.default\">\n\t\t\t\t<div class=\"elementor-widget-container\">\n\t\t\t\t\t\t\t\t\t<p><span style=\"white-space-collapse: preserve;\">We look forward to discussing your <b>Embedded systems development<\/b>. <\/span><span style=\"white-space-collapse: preserve; font-size: 1rem;\">As a partner for corporations, SMEs, start-ups, and public research institutions, we support you at every stage.<\/span><\/p>\t\t\t\t\t\t\t\t<\/div>\n\t\t\t\t<\/div>\n\t\t\t\t<\/div>\n\t\t<div class=\"elementor-element elementor-element-22d686f e-con-full e-flex e-con e-child\" data-id=\"22d686f\" data-element_type=\"container\" data-e-type=\"container\" data-settings=\"{&quot;background_background&quot;:&quot;classic&quot;}\">\n\t\t\t\t<div class=\"elementor-element elementor-element-c8d788c elementor-align-justify elementor-widget elementor-widget-button\" data-id=\"c8d788c\" data-element_type=\"widget\" data-e-type=\"widget\" data-widget_type=\"button.default\">\n\t\t\t\t<div class=\"elementor-widget-container\">\n\t\t\t\t\t\t\t\t\t<div class=\"elementor-button-wrapper\">\n\t\t\t\t\t<a class=\"elementor-button elementor-button-link elementor-size-sm\" href=\"\/en\/kontakt\/\">\n\t\t\t\t\t\t<span class=\"elementor-button-content-wrapper\">\n\t\t\t\t\t\t<span class=\"elementor-button-icon\">\n\t\t\t\t<svg aria-hidden=\"true\" class=\"e-font-icon-svg e-fas-chevron-right\" viewbox=\"0 0 320 512\" xmlns=\"http:\/\/www.w3.org\/2000\/svg\"><path d=\"M285.476 272.971L91.132 467.314c-9.373 9.373-24.569 9.373-33.941 0l-22.667-22.667c-9.357-9.357-9.375-24.522-.04-33.901L188.505 256 34.484 101.255c-9.335-9.379-9.317-24.544.04-33.901l22.667-22.667c9.373-9.373 24.569-9.373 33.941 0L285.475 239.03c9.373 9.372 9.373 24.568.001 33.941z\"><\/path><\/svg>\t\t\t<\/span>\n\t\t\t\t\t\t\t\t\t<span class=\"elementor-button-text\">Get in touch now<\/span>\n\t\t\t\t\t<\/span>\n\t\t\t\t\t<\/a>\n\t\t\t\t<\/div>\n\t\t\t\t\t\t\t\t<\/div>\n\t\t\t\t<\/div>\n\t\t\t\t<div class=\"elementor-element elementor-element-836f42d elementor-align-justify elementor-widget elementor-widget-button\" data-id=\"836f42d\" data-element_type=\"widget\" data-e-type=\"widget\" data-widget_type=\"button.default\">\n\t\t\t\t<div class=\"elementor-widget-container\">\n\t\t\t\t\t\t\t\t\t<div class=\"elementor-button-wrapper\">\n\t\t\t\t\t<a class=\"elementor-button elementor-button-link elementor-size-sm\" href=\"\/en\/tools\/\">\n\t\t\t\t\t\t<span class=\"elementor-button-content-wrapper\">\n\t\t\t\t\t\t\t\t\t<span class=\"elementor-button-text\">Tools<\/span>\n\t\t\t\t\t<\/span>\n\t\t\t\t\t<\/a>\n\t\t\t\t<\/div>\n\t\t\t\t\t\t\t\t<\/div>\n\t\t\t\t<\/div>\n\t\t\t\t<div class=\"elementor-element elementor-element-5407843 elementor-align-justify elementor-mobile-align-justify elementor-widget elementor-widget-button\" data-id=\"5407843\" data-element_type=\"widget\" data-e-type=\"widget\" data-widget_type=\"button.default\">\n\t\t\t\t<div class=\"elementor-widget-container\">\n\t\t\t\t\t\t\t\t\t<div class=\"elementor-button-wrapper\">\n\t\t\t\t\t<a class=\"elementor-button elementor-button-link elementor-size-sm\" href=\"\/en\/services\/\">\n\t\t\t\t\t\t<span class=\"elementor-button-content-wrapper\">\n\t\t\t\t\t\t\t\t\t<span class=\"elementor-button-text\">Services<\/span>\n\t\t\t\t\t<\/span>\n\t\t\t\t\t<\/a>\n\t\t\t\t<\/div>\n\t\t\t\t\t\t\t\t<\/div>\n\t\t\t\t<\/div>\n\t\t\t\t<div class=\"elementor-element elementor-element-aba6dcf elementor-align-justify elementor-widget elementor-widget-button\" data-id=\"aba6dcf\" data-element_type=\"widget\" data-e-type=\"widget\" data-widget_type=\"button.default\">\n\t\t\t\t<div class=\"elementor-widget-container\">\n\t\t\t\t\t\t\t\t\t<div class=\"elementor-button-wrapper\">\n\t\t\t\t\t<a class=\"elementor-button elementor-button-link elementor-size-sm\" href=\"\/en\/consulting\/\">\n\t\t\t\t\t\t<span class=\"elementor-button-content-wrapper\">\n\t\t\t\t\t\t\t\t\t<span class=\"elementor-button-text\">Consulting &amp; Support<\/span>\n\t\t\t\t\t<\/span>\n\t\t\t\t\t<\/a>\n\t\t\t\t<\/div>\n\t\t\t\t\t\t\t\t<\/div>\n\t\t\t\t<\/div>\n\t\t\t\t<\/div>\n\t\t\t\t\t<\/div>\n\t\t\t\t<\/div>\n\t\t\t\t<\/div>","protected":false},"excerpt":{"rendered":"<p>Beratung &amp; Begleitung Zur Entwicklung eingebetteter Systemen f\u00fcr Forschung, Industrie- und Endverbraucher-Anwendungen Jetzt Kontakt aufnehmen Beratungsleistungen Entwicklung eingebetteter Systeme Fehlende Klarheit in Anforderungen, Prozessen und Schnittstellen f\u00fchrt in der Produktentwicklung h\u00e4ufig zu Reibungsverlusten und sp\u00e4ten Korrekturen.\u00a0Unsere Beratung adressiert diese Punkte fr\u00fchzeitig und schafft die Grundlage f\u00fcr belastbare Entscheidungen \u00fcber den gesamten Produktlebenszyklus. \u00a0 Unsere Beratungsschwerpunkte: [&hellip;]<\/p>\n","protected":false},"author":2,"featured_media":0,"parent":0,"menu_order":0,"comment_status":"closed","ping_status":"closed","template":"elementor_header_footer","meta":{"footnotes":""},"folder":[9],"class_list":["post-2467","page","type-page","status-publish","hentry"],"_links":{"self":[{"href":"https:\/\/essaar.de\/en\/wp-json\/wp\/v2\/pages\/2467","targetHints":{"allow":["GET"]}}],"collection":[{"href":"https:\/\/essaar.de\/en\/wp-json\/wp\/v2\/pages"}],"about":[{"href":"https:\/\/essaar.de\/en\/wp-json\/wp\/v2\/types\/page"}],"author":[{"embeddable":true,"href":"https:\/\/essaar.de\/en\/wp-json\/wp\/v2\/users\/2"}],"replies":[{"embeddable":true,"href":"https:\/\/essaar.de\/en\/wp-json\/wp\/v2\/comments?post=2467"}],"version-history":[{"count":0,"href":"https:\/\/essaar.de\/en\/wp-json\/wp\/v2\/pages\/2467\/revisions"}],"wp:attachment":[{"href":"https:\/\/essaar.de\/en\/wp-json\/wp\/v2\/media?parent=2467"}],"wp:term":[{"taxonomy":"folder","embeddable":true,"href":"https:\/\/essaar.de\/en\/wp-json\/wp\/v2\/folder?post=2467"}],"curies":[{"name":"wp","href":"https:\/\/api.w.org\/{rel}","templated":true}]}}